{"id":70,"date":"2019-09-15T12:42:10","date_gmt":"2019-09-15T12:42:10","guid":{"rendered":"http:\/\/weingut-hensler.de\/?page_id=70"},"modified":"2026-01-26T17:03:38","modified_gmt":"2026-01-26T17:03:38","slug":"gaestezimmer","status":"publish","type":"page","link":"https:\/\/weingut-hensler.de\/?page_id=70","title":{"rendered":"G\u00e4stezimmer"},"content":{"rendered":"\n<p><strong>G\u00e4stezimmer Riesling und Kerner<\/strong><\/p>\n\n\n\n<p>Zwei komfortable Doppelzimmer mit Sitzecke, Dusche, WC, F\u00f6n und WLAN<br> \u2013 das Doppelzimmer Riesling mit einem zus\u00e4tzlichen Einzelbett \u2013<\/p>\n\n\n<div class=\"wp-block-image\">\n<figure class=\"aligncenter\"><img loading=\"lazy\" decoding=\"async\" width=\"1024\" height=\"683\" src=\"http:\/\/weingut-hensler.de\/wp-content\/uploads\/2019\/09\/Hensler-05-1024x683.jpg\" alt=\"\" class=\"wp-image-96\" srcset=\"https:\/\/weingut-hensler.de\/wp-content\/uploads\/2019\/09\/Hensler-05-1024x683.jpg 1024w, https:\/\/weingut-hensler.de\/wp-content\/uploads\/2019\/09\/Hensler-05-300x200.jpg 300w, https:\/\/weingut-hensler.de\/wp-content\/uploads\/2019\/09\/Hensler-05-768x512.jpg 768w, https:\/\/weingut-hensler.de\/wp-content\/uploads\/2019\/09\/Hensler-05-685x457.jpg 685w, https:\/\/weingut-hensler.de\/wp-content\/uploads\/2019\/09\/Hensler-05-2000x1333.jpg 2000w, https:\/\/weingut-hensler.de\/wp-content\/uploads\/2019\/09\/Hensler-05-342x228.jpg 342w\" sizes=\"auto, (max-width: 1024px) 100vw, 1024px\" \/><\/figure>\n<\/div>\n\n<div class=\"wp-block-image\">\n<figure class=\"aligncenter is-resized\"><img loading=\"lazy\" decoding=\"async\" width=\"768\" height=\"1024\" src=\"http:\/\/weingut-hensler.de\/wp-content\/uploads\/2019\/09\/DSCF1638-768x1024.jpg\" alt=\"\" class=\"wp-image-98\" style=\"aspect-ratio:0.7469287469287469;width:482px;height:auto\" srcset=\"https:\/\/weingut-hensler.de\/wp-content\/uploads\/2019\/09\/DSCF1638-768x1024.jpg 768w, https:\/\/weingut-hensler.de\/wp-content\/uploads\/2019\/09\/DSCF1638-225x300.jpg 225w, https:\/\/weingut-hensler.de\/wp-content\/uploads\/2019\/09\/DSCF1638-685x913.jpg 685w, https:\/\/weingut-hensler.de\/wp-content\/uploads\/2019\/09\/DSCF1638-2000x2667.jpg 2000w\" sizes=\"auto, (max-width: 768px) 100vw, 768px\" \/><\/figure>\n<\/div>\n\n\n<p>Fr\u00fchst\u00fccksraum mit gem\u00fctlichem Essplatz und einem Balkon mit Moselblick, K\u00fchlschrank und SAT-TV<\/p>\n\n\n<div class=\"wp-block-image\">\n<figure class=\"aligncenter size-large\"><img loading=\"lazy\" decoding=\"async\" width=\"1024\" height=\"768\" src=\"https:\/\/weingut-hensler.de\/wp-content\/uploads\/2021\/07\/IMG_20210711_160528-1024x768.jpg\" alt=\"\" class=\"wp-image-214\" srcset=\"https:\/\/weingut-hensler.de\/wp-content\/uploads\/2021\/07\/IMG_20210711_160528-1024x768.jpg 1024w, https:\/\/weingut-hensler.de\/wp-content\/uploads\/2021\/07\/IMG_20210711_160528-300x225.jpg 300w, https:\/\/weingut-hensler.de\/wp-content\/uploads\/2021\/07\/IMG_20210711_160528-768x576.jpg 768w, https:\/\/weingut-hensler.de\/wp-content\/uploads\/2021\/07\/IMG_20210711_160528-1536x1152.jpg 1536w, https:\/\/weingut-hensler.de\/wp-content\/uploads\/2021\/07\/IMG_20210711_160528-2048x1536.jpg 2048w, https:\/\/weingut-hensler.de\/wp-content\/uploads\/2021\/07\/IMG_20210711_160528-685x514.jpg 685w, https:\/\/weingut-hensler.de\/wp-content\/uploads\/2021\/07\/IMG_20210711_160528-2000x1500.jpg 2000w\" sizes=\"auto, (max-width: 1024px) 100vw, 1024px\" \/><\/figure>\n<\/div>\n\n\n<p><strong><br> Au\u00dfenbereich<\/strong><br>Gro\u00dfz\u00fcgige Terrasse mit Grillgelegenheit<br>Gartenm\u00f6bel und Sonnenliegen<br>Fahrradverleih<br>Ladem\u00f6glichkeit f\u00fcr E-Bikes<br>PKW-Stellplatz am Haus<br>Abschlie\u00dfbare Garage f\u00fcr Motorr\u00e4der und Fahrr\u00e4der<br><\/p>\n\n\n\n<p><strong>Preise f\u00fcr 1 Person pro Nacht im Doppelzimmer mit Fr\u00fchst\u00fcck<\/strong><\/p>\n\n\n\n<figure class=\"wp-block-table alignleft\"><table><tbody><tr><td>1 Nacht<\/td><td>41,00 Euro<\/td><\/tr><tr><td>2-6 N\u00e4chte<\/td><td>37,00 Euro<\/td><\/tr><tr><td>ab 7 N\u00e4chte<\/td><td>34,00 Euro<\/td><\/tr><tr><td>Haustier pro Nacht<\/td><td>&nbsp;&nbsp;5,00 Euro<\/td><\/tr><\/tbody><\/table><\/figure>\n\n\n\n<p>Inklusive der gesetzlichen Mehrwertsteuer, Bettw\u00e4sche und Handt\u00fccher.  <\/p>\n\n\n\n<p><\/p>\n\n\n\n<p><\/p>\n\n\n\n<p>Kinder bis 3 Jahre frei.<br>Kinder zwischen 4 und 16 Jahren 50 Prozent Erm\u00e4\u00dfigung im Zimmer der Eltern.<\/p>\n\n\n\n<p>Hochstuhl und Babybett werden auf Anfrage gerne bereitgestellt.<\/p>\n","protected":false},"excerpt":{"rendered":"<p>G\u00e4stezimmer Riesling und Kerner Zwei komfortable Doppelzimmer mit Sitzecke, Dusche, WC, F\u00f6n und WLAN \u2013 das Doppelzimmer Riesling mit einem zus\u00e4tzlichen Einzelbett \u2013 Fr\u00fchst\u00fccksraum mit gem\u00fctlichem Essplatz und einem Balkon mit Moselblick, K\u00fchlschrank und SAT-TV Au\u00dfenbereichGro\u00dfz\u00fcgige Terrasse mit GrillgelegenheitGartenm\u00f6bel und SonnenliegenFahrradverleihLadem\u00f6glichkeit f\u00fcr E-BikesPKW-Stellplatz am HausAbschlie\u00dfbare Garage f\u00fcr Motorr\u00e4der und Fahrr\u00e4der Preise f\u00fcr 1 Person pro &hellip; <a href=\"https:\/\/weingut-hensler.de\/?page_id=70\" class=\"more-link\"><span class=\"screen-reader-text\">G\u00e4stezimmer<\/span> weiterlesen<\/a><\/p>\n","protected":false},"author":1,"featured_media":105,"parent":0,"menu_order":0,"comment_status":"closed","ping_status":"closed","template":"","meta":{"footnotes":""},"class_list":["post-70","page","type-page","status-publish","has-post-thumbnail","hentry"],"_links":{"self":[{"href":"https:\/\/weingut-hensler.de\/index.php?rest_route=\/wp\/v2\/pages\/70","targetHints":{"allow":["GET"]}}],"collection":[{"href":"https:\/\/weingut-hensler.de\/index.php?rest_route=\/wp\/v2\/pages"}],"about":[{"href":"https:\/\/weingut-hensler.de\/index.php?rest_route=\/wp\/v2\/types\/page"}],"author":[{"embeddable":true,"href":"https:\/\/weingut-hensler.de\/index.php?rest_route=\/wp\/v2\/users\/1"}],"replies":[{"embeddable":true,"href":"https:\/\/weingut-hensler.de\/index.php?rest_route=%2Fwp%2Fv2%2Fcomments&post=70"}],"version-history":[{"count":27,"href":"https:\/\/weingut-hensler.de\/index.php?rest_route=\/wp\/v2\/pages\/70\/revisions"}],"predecessor-version":[{"id":283,"href":"https:\/\/weingut-hensler.de\/index.php?rest_route=\/wp\/v2\/pages\/70\/revisions\/283"}],"wp:featuredmedia":[{"embeddable":true,"href":"https:\/\/weingut-hensler.de\/index.php?rest_route=\/wp\/v2\/media\/105"}],"wp:attachment":[{"href":"https:\/\/weingut-hensler.de\/index.php?rest_route=%2Fwp%2Fv2%2Fmedia&parent=70"}],"curies":[{"name":"wp","href":"https:\/\/api.w.org\/{rel}","templated":true}]}}