{"id":43,"date":"2019-09-15T10:05:40","date_gmt":"2019-09-15T10:05:40","guid":{"rendered":"http:\/\/weingut-hensler.de\/?page_id=43"},"modified":"2019-12-06T21:29:07","modified_gmt":"2019-12-06T21:29:07","slug":"impressum","status":"publish","type":"page","link":"https:\/\/weingut-hensler.de\/?page_id=43","title":{"rendered":"Impressum"},"content":{"rendered":"\n<h4 class=\"wp-block-heading\">Angaben gem\u00e4\u00df \u00a7 5 TMG:<\/h4>\n\n\n\n<p>Weingut Herbert Hensler<br>Gartenstr. 7 <br>D-56867 Briedel \/ Mosel<\/p>\n\n\n\n<p>Tel.: 0 65 42 \/ 4507<br><\/p>\n\n\n\n<p>info@weingut-hensler.de<\/p>\n\n\n\n<h4 class=\"wp-block-heading\">Aufsichtsbeh\u00f6rde:<\/h4>\n\n\n\n<p>Ministerium f\u00fcr Umwelt, Landwirtschaft, Ern\u00e4hrung, Weinbau und Forsten, <br>Kaiser-Friedrich-Stra\u00dfe 1, 55116 Mainz<\/p>\n\n\n\n<p>Landwirtschaftskammer Rheinland-Pfalz, Burgenlandstra\u00dfe 7, 55543 Bad Kreuznach<br><br><\/p>\n\n\n\n<p><strong>Datenschutzerkl\u00e4rung Informationspflicht nach Art. 13 und 14 der DSGVO<\/strong><\/p>\n\n\n\n<p>\u00a7 1 Informationen \u00fcber die Erhebung personenbezogener Daten<\/p>\n\n\n\n<p>(1) Im Folgenden informieren wir \u00fcber die Erhebung personenbezogener \nDaten bei Nutzung unserer Website, Personenbezogene Daten sind alle \nDaten, die auf Sie pers\u00f6nlich beziehbar sein, z.B. Name, Adresse, \nE-Mail-Adressen, Nutzerverhalten.<\/p>\n\n\n\n<p>(2) Verantwortlicher gem. \u00a7 4 Abs. 7 EU-Datenschutz-Grundverordnung (DS-GVO) ist Herbert Hensler, Gartenstr. 7, 56867 Briedel<\/p>\n\n\n\n<p>(3) Bei Ihrer Kontaktaufnahme mit uns per E-Mail oder \u00fcber ein \nKontaktformular werden die von Ihnen mitgeteilten Daten (Ihre \nE-Mailadresse, Ihr Name und ggf. Ihre Telegonnummer) von uns \ngespeichert, um Ihre Fragen zu beantworten. Die in diesem Zusammenhang \nanfallenden Daten l\u00f6schen wir, wenn die Speicherung nicht mehr \nerforderlich ist, oder schr\u00e4nken die Verarbeitung ein, falls gesetzliche\n Aufbewahrungspflichten bestehen.<\/p>\n\n\n\n<p>(4) Falls wir f\u00fcr einzelne Funktionen unseres Angebots auf \nbeauftragte Dienstleister zur\u00fcckgreifen oder Ihre Daten f\u00fcr werbliche \nZwecke nutzen m\u00f6chten, werden wir Sie untenstehend im Detail \u00fcber die \njeweiligen Vorg\u00e4nge informieren. Dabei nennen wir auch die festgelegten \nKriterien der Speicherdauer<\/p>\n\n\n\n<p>\u00a7 2 Ihre Rechte<\/p>\n\n\n\n<p>(1) Sie haben gegen\u00fcber uns folgende Rechte hinsichtlich der Sie betreffenden personenbezogenen Daten:<\/p>\n\n\n\n<p>\u2013 Recht auf Auskunft,<\/p>\n\n\n\n<p>\u2013 Recht auf Berichtigung oder L\u00f6schung,<\/p>\n\n\n\n<p>\u2013 Recht auf Einschr\u00e4nkung der Verarbeitung,<\/p>\n\n\n\n<p>\u2013 Recht auf Widerspruch gegen die Verarbeitung und<\/p>\n\n\n\n<p>\u2013 Recht auf Daten\u00fcbertragbarkeit.<\/p>\n\n\n\n<p>(2) Sie haben zudem das Recht, sich bei einer \nDatenschutz-Aufsichtsbeh\u00f6rde \u00fcber die Verarbeitung Ihrer \npersonenbezogenen Daten durch uns zu beschweren.<\/p>\n\n\n\n<p>\u00a7 3 Erhebung personenbezogener Daten bei Besuch unserer Website<\/p>\n\n\n\n<p>(1) Bei der blo\u00df informatorischen Nutzung der Website, also wenn Sie \nsich nicht registrieren oder uns anderweitig Informationen \u00fcbermitteln, \nerheben wir nur die personenbezogenen Daten, die Ihr Browser an unseren \nServer \u00fcbermittelt. Wenn Sie unsere Website betrachten m\u00f6chten, erheben \nwir insbesondere die folgenden Daten, die f\u00fcr technisch erforderlich \nsind, um Ihnen unsere Website anzuzeigen und die Stabilit\u00e4t und \nSicherheit zu gew\u00e4hrleisten (Rechtsgrundlage ist Art. 6 Abs. 1 S. 1 lit.\n f DSGVOM)<\/p>\n\n\n\n<p>IP-Adresse<\/p>\n\n\n\n<p>Datum und Uhrzeit der Anfrage<\/p>\n\n\n\n<p>Zeitzonendifferenz zur Greenwich Mean Time (GMT)<\/p>\n\n\n\n<p>Inhalt der Anforderung (konkrete Seite)<\/p>\n\n\n\n<p>Zugriffsstatus\/HTTP-Statuscode<\/p>\n\n\n\n<p>jeweils \u00fcbertragene Datenmenge<\/p>\n\n\n\n<p>Website, von der die Anforderung kommt<\/p>\n\n\n\n<p>Verwendeter Browser<\/p>\n\n\n\n<p>Betriebssystem und dessen Oberfl\u00e4che<\/p>\n\n\n\n<p>Sprache und Version der Browsersoftware.<\/p>\n\n\n\n<p>\u00a7 4 Weitere Funktionen und Angebote unserer Website<\/p>\n\n\n\n<p>(1) Neben der rein informatorischen Nutzung unserer Website bieten \nwir verschiedene Leistungen an, die Sie bei Interesse nutzen k\u00f6nnen. \nDazu m\u00fcssen Sie in der Regel weitere personenbezogene Daten angeben, die\n wir zur Erbringung der jeweiligen Leistung nutzen und f\u00fcr die die zuvor\n genannten Grunds\u00e4tze zur Datenverarbeitung gelten.<\/p>\n\n\n\n<p>(2) Teilweise bedienen wir uns zur Verarbeitung Ihrer Daten externer \nDienstleister. Diese wurden von uns sorgf\u00e4ltig ausgew\u00e4hlt und \nbeauftragt, sind an unsere Weisungen gebunden und werden regelm\u00e4\u00dfig \nkontrolliert.<\/p>\n\n\n\n<p>\u00a7 5 Widerspruch oder Widerruf gegen die Verarbeitung Ihrer Daten<\/p>\n\n\n\n<p>(1) Falls Sie eine Einwilligung zur Verarbeitung Ihrer Daten erteilt \nhaben, k\u00f6nnen Sie diese jederzeit ganz oder teilweise mit Wirkung f\u00fcr \ndie Zukunft widerrufen. Ein solcher Widerruf beeinflusst die \nZul\u00e4ssigkeit der Verarbeitung Ihrer personenbezogenen Daten, nachdem Sie\n ihn gegen\u00fcber uns ausgesprochen haben<\/p>\n","protected":false},"excerpt":{"rendered":"<p>Angaben gem\u00e4\u00df \u00a7 5 TMG: Weingut Herbert HenslerGartenstr. 7 D-56867 Briedel \/ Mosel Tel.: 0 65 42 \/ 4507 info@weingut-hensler.de Aufsichtsbeh\u00f6rde: Ministerium f\u00fcr Umwelt, Landwirtschaft, Ern\u00e4hrung, Weinbau und Forsten, Kaiser-Friedrich-Stra\u00dfe 1, 55116 Mainz Landwirtschaftskammer Rheinland-Pfalz, Burgenlandstra\u00dfe 7, 55543 Bad Kreuznach Datenschutzerkl\u00e4rung Informationspflicht nach Art. 13 und 14 der DSGVO \u00a7 1 Informationen \u00fcber die Erhebung &hellip; <a href=\"https:\/\/weingut-hensler.de\/?page_id=43\" class=\"more-link\"><span class=\"screen-reader-text\">Impressum<\/span> weiterlesen<\/a><\/p>\n","protected":false},"author":1,"featured_media":130,"parent":0,"menu_order":0,"comment_status":"closed","ping_status":"closed","template":"","meta":{"footnotes":""},"class_list":["post-43","page","type-page","status-publish","has-post-thumbnail","hentry"],"_links":{"self":[{"href":"https:\/\/weingut-hensler.de\/index.php?rest_route=\/wp\/v2\/pages\/43","targetHints":{"allow":["GET"]}}],"collection":[{"href":"https:\/\/weingut-hensler.de\/index.php?rest_route=\/wp\/v2\/pages"}],"about":[{"href":"https:\/\/weingut-hensler.de\/index.php?rest_route=\/wp\/v2\/types\/page"}],"author":[{"embeddable":true,"href":"https:\/\/weingut-hensler.de\/index.php?rest_route=\/wp\/v2\/users\/1"}],"replies":[{"embeddable":true,"href":"https:\/\/weingut-hensler.de\/index.php?rest_route=%2Fwp%2Fv2%2Fcomments&post=43"}],"version-history":[{"count":5,"href":"https:\/\/weingut-hensler.de\/index.php?rest_route=\/wp\/v2\/pages\/43\/revisions"}],"predecessor-version":[{"id":154,"href":"https:\/\/weingut-hensler.de\/index.php?rest_route=\/wp\/v2\/pages\/43\/revisions\/154"}],"wp:featuredmedia":[{"embeddable":true,"href":"https:\/\/weingut-hensler.de\/index.php?rest_route=\/wp\/v2\/media\/130"}],"wp:attachment":[{"href":"https:\/\/weingut-hensler.de\/index.php?rest_route=%2Fwp%2Fv2%2Fmedia&parent=43"}],"curies":[{"name":"wp","href":"https:\/\/api.w.org\/{rel}","templated":true}]}}