{"id":42,"date":"2019-09-15T10:05:40","date_gmt":"2019-09-15T10:05:40","guid":{"rendered":"http:\/\/weingut-hensler.de\/?page_id=42"},"modified":"2024-02-05T21:17:31","modified_gmt":"2024-02-05T21:17:31","slug":"ferien","status":"publish","type":"page","link":"https:\/\/weingut-hensler.de\/?page_id=42","title":{"rendered":"Ferien"},"content":{"rendered":"\n<p>Aktivurlaub oder eine Woche pure Entspannung: Bei uns ist beides m\u00f6glich!<br><\/p>\n\n\n\n<p>Der reizvolle Urlaubsort Briedel mit der ber\u00fchmten Weinlage \u201eBriedeler Herzchen\u201c ist eine der \u00e4ltesten Weinbaugemeinden an der Mosel und liegt idyllisch zwischen zwei gro\u00dfen Moselschleifen westlich vom Zeller Hamm. <\/p>\n\n\n\n<figure class=\"wp-block-image size-large\"><img loading=\"lazy\" decoding=\"async\" width=\"1024\" height=\"731\" src=\"https:\/\/weingut-hensler.de\/wp-content\/uploads\/2020\/02\/DSCF3805-Kopie-1024x731.jpg\" alt=\"\" class=\"wp-image-187\" srcset=\"https:\/\/weingut-hensler.de\/wp-content\/uploads\/2020\/02\/DSCF3805-Kopie-1024x731.jpg 1024w, https:\/\/weingut-hensler.de\/wp-content\/uploads\/2020\/02\/DSCF3805-Kopie-300x214.jpg 300w, https:\/\/weingut-hensler.de\/wp-content\/uploads\/2020\/02\/DSCF3805-Kopie-768x549.jpg 768w, https:\/\/weingut-hensler.de\/wp-content\/uploads\/2020\/02\/DSCF3805-Kopie-1536x1097.jpg 1536w, https:\/\/weingut-hensler.de\/wp-content\/uploads\/2020\/02\/DSCF3805-Kopie-2048x1463.jpg 2048w, https:\/\/weingut-hensler.de\/wp-content\/uploads\/2020\/02\/DSCF3805-Kopie-685x489.jpg 685w, https:\/\/weingut-hensler.de\/wp-content\/uploads\/2020\/02\/DSCF3805-Kopie-2000x1429.jpg 2000w\" sizes=\"auto, (max-width: 1024px) 100vw, 1024px\" \/><\/figure>\n\n\n\n<p>Zahlreiche Rad- und Wanderwege laden dazu ein, die l\u00e4ndliche Gegend zu erkunden. Eine F\u00e4hre verbindet Briedel mit seinen Weinlagen auf der  gegen\u00fcberliegenden Moselseite. Oder m\u00f6chten Sie die Mosel lieber gem\u00fctlich vom Schiff aus erleben? Auch das ist m\u00f6glich. <\/p>\n\n\n\n<p>In Briedel und den umliegenden Orten finden sich zahlreiche Restaurants, bei denen der kulinarische Genuss im Vordergrund steht. Runden Sie den Abend danach mit einem Glas unseres Weins ab und der Urlaub ist perfekt!<\/p>\n\n\n\n<figure class=\"wp-block-image size-large\"><img loading=\"lazy\" decoding=\"async\" width=\"1024\" height=\"683\" src=\"http:\/\/weingut-hensler.de\/wp-content\/uploads\/2020\/02\/DSCF4138-1024x683.jpg\" alt=\"\" class=\"wp-image-190\" srcset=\"https:\/\/weingut-hensler.de\/wp-content\/uploads\/2020\/02\/DSCF4138-1024x683.jpg 1024w, https:\/\/weingut-hensler.de\/wp-content\/uploads\/2020\/02\/DSCF4138-300x200.jpg 300w, https:\/\/weingut-hensler.de\/wp-content\/uploads\/2020\/02\/DSCF4138-768x512.jpg 768w, https:\/\/weingut-hensler.de\/wp-content\/uploads\/2020\/02\/DSCF4138-1536x1024.jpg 1536w, https:\/\/weingut-hensler.de\/wp-content\/uploads\/2020\/02\/DSCF4138-2048x1365.jpg 2048w, https:\/\/weingut-hensler.de\/wp-content\/uploads\/2020\/02\/DSCF4138-685x457.jpg 685w, https:\/\/weingut-hensler.de\/wp-content\/uploads\/2020\/02\/DSCF4138-2000x1333.jpg 2000w, https:\/\/weingut-hensler.de\/wp-content\/uploads\/2020\/02\/DSCF4138-342x228.jpg 342w\" sizes=\"auto, (max-width: 1024px) 100vw, 1024px\" \/><\/figure>\n\n\n\n<p>Unser ruhiges, zentral gelegenes Weingut bietet einen angenehmen Aufenthalt mit Blick auf die Weinberge und die Mosel. Bei uns erwartet Sie eine herzliche, famili\u00e4re Atmosph\u00e4re. Sie werden sich direkt wie zu  Hause f\u00fchlen!<\/p>\n","protected":false},"excerpt":{"rendered":"<p>Aktivurlaub oder eine Woche pure Entspannung: Bei uns ist beides m\u00f6glich! Der reizvolle Urlaubsort Briedel mit der ber\u00fchmten Weinlage \u201eBriedeler Herzchen\u201c ist eine der \u00e4ltesten Weinbaugemeinden an der Mosel und liegt idyllisch zwischen zwei gro\u00dfen Moselschleifen westlich vom Zeller Hamm. Zahlreiche Rad- und Wanderwege laden dazu ein, die l\u00e4ndliche Gegend zu erkunden. Eine F\u00e4hre verbindet &hellip; <a href=\"https:\/\/weingut-hensler.de\/?page_id=42\" class=\"more-link\"><span class=\"screen-reader-text\">Ferien<\/span> weiterlesen<\/a><\/p>\n","protected":false},"author":1,"featured_media":133,"parent":0,"menu_order":0,"comment_status":"closed","ping_status":"closed","template":"","meta":{"footnotes":""},"class_list":["post-42","page","type-page","status-publish","has-post-thumbnail","hentry"],"_links":{"self":[{"href":"https:\/\/weingut-hensler.de\/index.php?rest_route=\/wp\/v2\/pages\/42","targetHints":{"allow":["GET"]}}],"collection":[{"href":"https:\/\/weingut-hensler.de\/index.php?rest_route=\/wp\/v2\/pages"}],"about":[{"href":"https:\/\/weingut-hensler.de\/index.php?rest_route=\/wp\/v2\/types\/page"}],"author":[{"embeddable":true,"href":"https:\/\/weingut-hensler.de\/index.php?rest_route=\/wp\/v2\/users\/1"}],"replies":[{"embeddable":true,"href":"https:\/\/weingut-hensler.de\/index.php?rest_route=%2Fwp%2Fv2%2Fcomments&post=42"}],"version-history":[{"count":5,"href":"https:\/\/weingut-hensler.de\/index.php?rest_route=\/wp\/v2\/pages\/42\/revisions"}],"predecessor-version":[{"id":191,"href":"https:\/\/weingut-hensler.de\/index.php?rest_route=\/wp\/v2\/pages\/42\/revisions\/191"}],"wp:featuredmedia":[{"embeddable":true,"href":"https:\/\/weingut-hensler.de\/index.php?rest_route=\/wp\/v2\/media\/133"}],"wp:attachment":[{"href":"https:\/\/weingut-hensler.de\/index.php?rest_route=%2Fwp%2Fv2%2Fmedia&parent=42"}],"curies":[{"name":"wp","href":"https:\/\/api.w.org\/{rel}","templated":true}]}}