{"id":41,"date":"2019-09-15T10:05:40","date_gmt":"2019-09-15T10:05:40","guid":{"rendered":"http:\/\/weingut-hensler.de\/?page_id=41"},"modified":"2024-02-05T21:13:41","modified_gmt":"2024-02-05T21:13:41","slug":"weine","status":"publish","type":"page","link":"https:\/\/weingut-hensler.de\/?page_id=41","title":{"rendered":"Weine"},"content":{"rendered":"\n<p class=\"has-text-align-left\">Wir bewirtschaften rund drei Hektar Weinberge \u2013 eine Gr\u00f6\u00dfe, die es uns m\u00f6glich macht, die Reben intensiv zu pflegen und hochwertige Qualit\u00e4ten herzustellen. Unsere  Weinberge liegen verstreut in den besten Lagen Briedels. Jede Parzelle bepflanzen wir mit der zu Boden und Lage  passenden Rebsorte. Wir bauen haupts\u00e4chlich Riesling in Steil- und Hanglagen, aber auch Rivaner, Kerner und Dornfelder an. Alle anfallenden Arbeiten, ob im Weinberg, im Keller oder bei der Vermarktung, erledigen wir selbst.<\/p>\n\n\n<div class=\"wp-block-image is-style-circle-mask\">\n<figure class=\"aligncenter is-resized\"><img loading=\"lazy\" decoding=\"async\" width=\"370\" height=\"551\" src=\"https:\/\/weingut-hensler.de\/wp-content\/uploads\/2019\/09\/weisserwein.jpeg\" alt=\"\" class=\"wp-image-58\" style=\"width:214px;height:319px\" srcset=\"https:\/\/weingut-hensler.de\/wp-content\/uploads\/2019\/09\/weisserwein.jpeg 370w, https:\/\/weingut-hensler.de\/wp-content\/uploads\/2019\/09\/weisserwein-201x300.jpeg 201w\" sizes=\"auto, (max-width: 370px) 100vw, 370px\" \/><\/figure>\n<\/div>\n\n\n<h1 class=\"wp-block-heading\"><strong>Henslers Wei\u00dfweine<\/strong><\/h1>\n\n\n\n<figure class=\"wp-block-table\"><table><tbody><tr><td><strong>In der 1-Liter-Abf\u00fcllung<\/strong><\/td><td><\/td><\/tr><tr><td>Henslers Schelm<\/td><td>Ein idealer Tischwein.<\/td><\/tr><tr><td>Henslers Moselschoppen<\/td><td>Ein frischer Wein f\u00fcr jeden Tag.<\/td><\/tr><tr><td><\/td><td><\/td><\/tr><tr><td><strong>In der 0,75-Liter-Abf\u00fcllung<\/strong><\/td><td><\/td><\/tr><tr><td>Rivaner trocken<\/td><td>Blumig mit milder S\u00e4ure.<\/td><\/tr><tr><td>Wei\u00dfburgunder trocken<\/td><td>Voll Ausdruck und Schmelz.<\/td><\/tr><tr><td>Riesling trocken<\/td><td>Kr\u00e4ftig und voll, sehr guter Essensbegleiter.<\/td><\/tr><tr><td>Riesling Grauschiefer<\/td><td>Sp\u00e4tlese trocken \u2013 filigraner Wein aus extremen Steillagen.<\/td><\/tr><tr><td>Riesling feinherb<\/td><td>Halbtrocken, fruchtig, feine S\u00e4ure.<\/td><\/tr><tr><td>Riesling fruchts\u00fc\u00df<\/td><td>Lieblich und fruchtig.<\/td><\/tr><tr><td>Riesling Sp\u00e4tlese<\/td><td>Feinrassig und elegant, Riesling in voller Harmonie.<\/td><\/tr><tr><td>Riesling Sp\u00e4tlese\u00a0feinherb<\/td><td>Nicht zu s\u00fc\u00df und nicht zu trocken.<\/td><\/tr><tr><td>Riesling edels\u00fc\u00df<\/td><td>Vollmundig, reife Eleganz.<\/td><\/tr><\/tbody><\/table><\/figure>\n\n\n<div class=\"wp-block-image is-style-circle-mask\">\n<figure class=\"aligncenter size-large is-resized\"><img loading=\"lazy\" decoding=\"async\" width=\"685\" height=\"1024\" src=\"http:\/\/weingut-hensler.de\/wp-content\/uploads\/2020\/02\/DSCF3539_1-685x1024.jpg\" alt=\"\" class=\"wp-image-184\" style=\"width:203px;height:303px\" srcset=\"https:\/\/weingut-hensler.de\/wp-content\/uploads\/2020\/02\/DSCF3539_1-685x1024.jpg 685w, https:\/\/weingut-hensler.de\/wp-content\/uploads\/2020\/02\/DSCF3539_1-201x300.jpg 201w, https:\/\/weingut-hensler.de\/wp-content\/uploads\/2020\/02\/DSCF3539_1-768x1148.jpg 768w, https:\/\/weingut-hensler.de\/wp-content\/uploads\/2020\/02\/DSCF3539_1-1028x1536.jpg 1028w, https:\/\/weingut-hensler.de\/wp-content\/uploads\/2020\/02\/DSCF3539_1-1370x2048.jpg 1370w, https:\/\/weingut-hensler.de\/wp-content\/uploads\/2020\/02\/DSCF3539_1-2000x2989.jpg 2000w, https:\/\/weingut-hensler.de\/wp-content\/uploads\/2020\/02\/DSCF3539_1-scaled.jpg 1713w\" sizes=\"auto, (max-width: 685px) 100vw, 685px\" \/><\/figure>\n<\/div>\n\n\n<h1 class=\"wp-block-heading\">Henslers Rotweine<\/h1>\n\n\n\n<figure class=\"wp-block-table\"><table><tbody><tr><td><strong>In der 0,75-Liter-Abf\u00fcllung<\/strong><\/td><td><\/td><\/tr><tr><td>Dornfelder Rotwein trocken<\/td><td>Samtig und aromatisch.<\/td><\/tr><tr><td>Dornfelder Rotwein Rubin<\/td><td>Lieblich und weich.<\/td><\/tr><tr><td>Rotling<\/td><td>Lieblich und leicht, ein zarter Genuss.<\/td><\/tr><tr><td>Rotling feinherb<\/td><td>Trocken und frisch, gut gek\u00fchlt ein leichter Sommerwein.<\/td><\/tr><\/tbody><\/table><\/figure>\n\n\n\n\n\n<h1 class=\"wp-block-heading\">Weitere Spezialit\u00e4ten<\/h1>\n\n\n\n<figure class=\"wp-block-table\"><table><tbody><tr><td><strong>Henslers Sekt<\/strong><\/td><td><\/td><\/tr><tr><td>Riesling-Sekt<\/td><td>trocken, aus traditioneller Flascheng\u00e4rung, handger\u00fcttelt in der 0,75-Liter-Flasche<\/td><\/tr><tr><td><\/td><td><\/td><\/tr><tr><td><strong>Henslers Destillate<\/strong><\/td><td><\/td><\/tr><tr><td>Hefe-Branntwein<\/td><td>aus der Weinhefe gebrannt 40 % in der 0,7-Liter-Flasche<\/td><\/tr><tr><td>Trester<\/td><td>aus gepressten Rieslingtrauben doppelt destilliert 40% in der 0,5-Liter-Flasche<\/td><\/tr><tr><td>Roter Weinbergpfirsichlik\u00f6r<\/td><td>das pure Fruchterlebnis 25% in der 0,5-Liter-Flasche<\/td><\/tr><tr><td><\/td><td><\/td><\/tr><tr><td><strong>au\u00dferdem erh\u00e4ltlich<\/strong><\/td><td><\/td><\/tr><tr><td>Traubensaft<\/td><td>nat\u00fcrlich fruchts\u00fc\u00df \u2013 aus eigenem Lesegut ohne Zusatzstoffe mit 100-Prozent Fruchtgehalt<\/td><\/tr><tr><td>Trauben-Gelee<\/td><td>hausgemacht<\/td><\/tr><\/tbody><\/table><\/figure>\n\n\n<p><!--EndFragment--><\/p>","protected":false},"excerpt":{"rendered":"<p>Wir bewirtschaften rund drei Hektar Weinberge \u2013 eine Gr\u00f6\u00dfe, die es uns m\u00f6glich macht, die Reben intensiv zu pflegen und hochwertige Qualit\u00e4ten herzustellen. Unsere Weinberge liegen verstreut in den besten Lagen Briedels. Jede Parzelle bepflanzen wir mit der zu Boden und Lage passenden Rebsorte. Wir bauen haupts\u00e4chlich Riesling in Steil- und Hanglagen, aber auch Rivaner, &hellip; <a href=\"https:\/\/weingut-hensler.de\/?page_id=41\" class=\"more-link\"><span class=\"screen-reader-text\">Weine<\/span> weiterlesen<\/a><\/p>\n","protected":false},"author":1,"featured_media":117,"parent":0,"menu_order":0,"comment_status":"closed","ping_status":"closed","template":"","meta":{"footnotes":""},"class_list":["post-41","page","type-page","status-publish","has-post-thumbnail","hentry"],"_links":{"self":[{"href":"https:\/\/weingut-hensler.de\/index.php?rest_route=\/wp\/v2\/pages\/41","targetHints":{"allow":["GET"]}}],"collection":[{"href":"https:\/\/weingut-hensler.de\/index.php?rest_route=\/wp\/v2\/pages"}],"about":[{"href":"https:\/\/weingut-hensler.de\/index.php?rest_route=\/wp\/v2\/types\/page"}],"author":[{"embeddable":true,"href":"https:\/\/weingut-hensler.de\/index.php?rest_route=\/wp\/v2\/users\/1"}],"replies":[{"embeddable":true,"href":"https:\/\/weingut-hensler.de\/index.php?rest_route=%2Fwp%2Fv2%2Fcomments&post=41"}],"version-history":[{"count":14,"href":"https:\/\/weingut-hensler.de\/index.php?rest_route=\/wp\/v2\/pages\/41\/revisions"}],"predecessor-version":[{"id":264,"href":"https:\/\/weingut-hensler.de\/index.php?rest_route=\/wp\/v2\/pages\/41\/revisions\/264"}],"wp:featuredmedia":[{"embeddable":true,"href":"https:\/\/weingut-hensler.de\/index.php?rest_route=\/wp\/v2\/media\/117"}],"wp:attachment":[{"href":"https:\/\/weingut-hensler.de\/index.php?rest_route=%2Fwp%2Fv2%2Fmedia&parent=41"}],"curies":[{"name":"wp","href":"https:\/\/api.w.org\/{rel}","templated":true}]}}